{"id":9043,"date":"2025-06-10T09:52:32","date_gmt":"2025-06-10T08:52:32","guid":{"rendered":"https:\/\/treddy.it\/?page_id=9043"},"modified":"2025-11-24T15:15:25","modified_gmt":"2025-11-24T14:15:25","slug":"3d-talks-supermateria","status":"publish","type":"page","link":"https:\/\/treddy.it\/en\/3d-talks-supermateria\/","title":{"rendered":"3D Talks &#8211; Supermateria"},"content":{"rendered":"<div data-elementor-type=\"wp-page\" data-elementor-id=\"9043\" class=\"elementor elementor-9043\">\n\t\t\t\t\t\t<section class=\"elementor-section elementor-top-section elementor-element elementor-element-e30e7fb elementor-section-boxed elementor-section-height-default elementor-section-height-default\" data-id=\"e30e7fb\" data-element_type=\"section\" data-e-type=\"section\">\n\t\t\t\t\t\t<div class=\"elementor-container elementor-column-gap-default\">\n\t\t\t\t\t<div class=\"elementor-column elementor-col-100 elementor-top-column elementor-element elementor-element-4ae70c9\" data-id=\"4ae70c9\" data-element_type=\"column\" data-e-type=\"column\">\n\t\t\t<div class=\"elementor-widget-wrap elementor-element-populated\">\n\t\t\t\t\t\t<div class=\"elementor-element elementor-element-b481503 elementor-widget elementor-widget-elementskit-heading\" data-id=\"b481503\" data-element_type=\"widget\" data-e-type=\"widget\" data-widget_type=\"elementskit-heading.default\">\n\t\t\t\t<div class=\"elementor-widget-container\">\n\t\t\t\t\t<div class=\"ekit-wid-con\" ><div class=\"ekit-heading elementskit-section-title-wraper text_left   ekit_heading_tablet-   ekit_heading_mobile-text_left\"><h2 class=\"ekit-heading--title elementskit-section-title  ekit-heading__title-has-border start\">3D Talks<\/h2><h2 class=\"ekit-heading--subtitle elementskit-section-subtitle\">\n\t\t\t\t\t\tEpisodio 2 - Supermateria\n\t\t\t\t\t<\/h2><\/div><\/div>\t\t\t\t<\/div>\n\t\t\t\t<\/div>\n\t\t\t\t\t<\/div>\n\t\t<\/div>\n\t\t\t\t\t<\/div>\n\t\t<\/section>\n\t\t\t\t<section class=\"elementor-section elementor-top-section elementor-element elementor-element-717637f elementor-section-height-min-height elementor-section-boxed elementor-section-height-default elementor-section-items-middle\" data-id=\"717637f\" data-element_type=\"section\" data-e-type=\"section\" data-settings=\"{&quot;background_background&quot;:&quot;classic&quot;}\">\n\t\t\t\t\t\t<div class=\"elementor-container elementor-column-gap-default\">\n\t\t\t\t\t<div class=\"elementor-column elementor-col-50 elementor-top-column elementor-element elementor-element-394323e\" data-id=\"394323e\" data-element_type=\"column\" data-e-type=\"column\">\n\t\t\t<div class=\"elementor-widget-wrap elementor-element-populated\">\n\t\t\t\t\t\t<div class=\"elementor-element elementor-element-9e65629 elementor-widget elementor-widget-text-editor\" data-id=\"9e65629\" data-element_type=\"widget\" data-e-type=\"widget\" data-widget_type=\"text-editor.default\">\n\t\t\t\t<div class=\"elementor-widget-container\">\n\t\t\t\t\t\t\t\t\t<p data-start=\"123\" data-end=\"462\"><strong>Supermateria<\/strong> \u00e8 un laboratorio di ricerca e sviluppo che unisce <strong>design<\/strong>, <strong>technology<\/strong> and <strong>sperimentazione<\/strong>. Per noi rappresenta un partner d\u2019eccellenza nella ridefinizione dei confini della manifattura contemporanea, portando avanti una visione innovativa che coniuga creativit\u00e0 e materiali all\u2019avanguardia.<\/p><h3 data-start=\"464\" data-end=\"778\"><strong data-start=\"464\" data-end=\"476\">La sfida<\/strong><\/h3><p data-start=\"464\" data-end=\"778\">Il loro obiettivo \u00e8 <strong>creare soluzioni su misura<\/strong>, <strong>performanti<\/strong> and <strong>originali<\/strong>, capaci di rispondere alle esigenze di progettisti e aziende alla ricerca di <strong>materials<\/strong> and <strong>processi<\/strong> non convenzionali. L\u2019esigenza principale \u00e8 <strong>esplorare nuovi modi di produrre<\/strong>, superando i limiti tradizionali della manifattura.<\/p><h3 data-start=\"780\" data-end=\"1218\"><strong data-start=\"780\" data-end=\"796\">La soluzione<\/strong><\/h3><p data-start=\"780\" data-end=\"1218\">Attraverso la stampa 3D, in Treddy supportiamo Supermateria nella realizzazione di prodotti unici, combinando <strong>technology<\/strong> <strong>avanzata<\/strong> and <strong>sperimentazione<\/strong> <strong>materica<\/strong>. La collaborazione con Lorenzo Banchini e Lorenzo Masini si basa su un confronto costante e sulla <strong>volont\u00e0 condivisa di innovare:<\/strong> la stampa 3D diventa cos\u00ec uno strumento strategico per trasformare le idee in soluzioni concrete, tra artigianalit\u00e0 digitale e sostenibilit\u00e0.<\/p>\t\t\t\t\t\t\t\t<\/div>\n\t\t\t\t<\/div>\n\t\t\t\t\t<\/div>\n\t\t<\/div>\n\t\t\t\t<div class=\"elementor-column elementor-col-50 elementor-top-column elementor-element elementor-element-6132e47\" data-id=\"6132e47\" data-element_type=\"column\" data-e-type=\"column\">\n\t\t\t<div class=\"elementor-widget-wrap elementor-element-populated\">\n\t\t\t\t\t\t<div class=\"elementor-element elementor-element-8e972b5 elementor-widget elementor-widget-image\" data-id=\"8e972b5\" data-element_type=\"widget\" data-e-type=\"widget\" data-widget_type=\"image.default\">\n\t\t\t\t<div class=\"elementor-widget-container\">\n\t\t\t\t\t\t\t\t\t\t\t\t\t\t\t\t<a href=\"https:\/\/supermateria.net\/\" target=\"_blank\" rel=\"nofollow\">\n\t\t\t\t\t\t\t<img fetchpriority=\"high\" decoding=\"async\" width=\"500\" height=\"500\" src=\"https:\/\/treddy.it\/wp-content\/uploads\/2023\/06\/partner_supermateia.webp\" class=\"attachment-full size-full wp-image-3397\" alt=\"\" srcset=\"https:\/\/treddy.it\/wp-content\/uploads\/2023\/06\/partner_supermateia.webp 500w, https:\/\/treddy.it\/wp-content\/uploads\/2023\/06\/partner_supermateia-300x300.webp 300w, https:\/\/treddy.it\/wp-content\/uploads\/2023\/06\/partner_supermateia-150x150.webp 150w, https:\/\/treddy.it\/wp-content\/uploads\/2023\/06\/partner_supermateia-12x12.webp 12w\" sizes=\"(max-width: 500px) 100vw, 500px\" \/>\t\t\t\t\t\t\t\t<\/a>\n\t\t\t\t\t\t\t\t\t\t\t\t\t\t\t<\/div>\n\t\t\t\t<\/div>\n\t\t\t\t\t<\/div>\n\t\t<\/div>\n\t\t\t\t\t<\/div>\n\t\t<\/section>\n\t\t\t\t<section class=\"elementor-section elementor-top-section elementor-element elementor-element-5b2e95c elementor-section-boxed elementor-section-height-default elementor-section-height-default\" data-id=\"5b2e95c\" data-element_type=\"section\" data-e-type=\"section\">\n\t\t\t\t\t\t<div class=\"elementor-container elementor-column-gap-default\">\n\t\t\t\t\t<div class=\"elementor-column elementor-col-100 elementor-top-column elementor-element elementor-element-ab34c90\" data-id=\"ab34c90\" data-element_type=\"column\" data-e-type=\"column\">\n\t\t\t<div class=\"elementor-widget-wrap elementor-element-populated\">\n\t\t\t\t\t\t<div class=\"elementor-element elementor-element-bea3744 elementor-widget__width-initial elementor-widget elementor-widget-video\" data-id=\"bea3744\" data-element_type=\"widget\" data-e-type=\"widget\" data-settings=\"{&quot;youtube_url&quot;:&quot;https:\\\/\\\/youtu.be\\\/AthSsbrMIsk&quot;,&quot;video_type&quot;:&quot;youtube&quot;,&quot;controls&quot;:&quot;yes&quot;}\" data-widget_type=\"video.default\">\n\t\t\t\t<div class=\"elementor-widget-container\">\n\t\t\t\t\t\t\t<div class=\"elementor-wrapper elementor-open-inline\">\n\t\t\t<div class=\"elementor-video\"><\/div>\t\t<\/div>\n\t\t\t\t\t\t<\/div>\n\t\t\t\t<\/div>\n\t\t\t\t\t<\/div>\n\t\t<\/div>\n\t\t\t\t\t<\/div>\n\t\t<\/section>\n\t\t\t\t<section class=\"elementor-section elementor-top-section elementor-element elementor-element-3af01f5 elementor-section-content-middle elementor-section-boxed elementor-section-height-default elementor-section-height-default\" data-id=\"3af01f5\" data-element_type=\"section\" data-e-type=\"section\" data-settings=\"{&quot;background_background&quot;:&quot;classic&quot;}\">\n\t\t\t\t\t\t<div class=\"elementor-container elementor-column-gap-default\">\n\t\t\t\t\t<div class=\"elementor-column elementor-col-50 elementor-top-column elementor-element elementor-element-8a77e26\" data-id=\"8a77e26\" data-element_type=\"column\" data-e-type=\"column\">\n\t\t\t<div class=\"elementor-widget-wrap elementor-element-populated\">\n\t\t\t\t\t\t<div class=\"elementor-element elementor-element-ccf2d4f elementor-widget elementor-widget-spacer\" data-id=\"ccf2d4f\" data-element_type=\"widget\" data-e-type=\"widget\" data-widget_type=\"spacer.default\">\n\t\t\t\t<div class=\"elementor-widget-container\">\n\t\t\t\t\t\t\t<div class=\"elementor-spacer\">\n\t\t\t<div class=\"elementor-spacer-inner\"><\/div>\n\t\t<\/div>\n\t\t\t\t\t\t<\/div>\n\t\t\t\t<\/div>\n\t\t\t\t<div class=\"elementor-element elementor-element-5841f63 elementor-widget elementor-widget-elementskit-heading\" data-id=\"5841f63\" data-element_type=\"widget\" data-e-type=\"widget\" data-widget_type=\"elementskit-heading.default\">\n\t\t\t\t<div class=\"elementor-widget-container\">\n\t\t\t\t\t<div class=\"ekit-wid-con\" ><div class=\"ekit-heading elementskit-section-title-wraper text_left   ekit_heading_tablet-   ekit_heading_mobile-text_center\"><h2 class=\"ekit-heading--title elementskit-section-title\">Feeling Inspired?<\/h2><div class=\"ekit_heading_separetor_wraper ekit_heading_elementskit-border-divider elementskit-style-long\"><div class=\"elementskit-border-divider elementskit-style-long\"><\/div><\/div><\/div><\/div>\t\t\t\t<\/div>\n\t\t\t\t<\/div>\n\t\t\t\t<div class=\"elementor-element elementor-element-d66c668 elementor-widget elementor-widget-text-editor\" data-id=\"d66c668\" data-element_type=\"widget\" data-e-type=\"widget\" data-widget_type=\"text-editor.default\">\n\t\t\t\t<div class=\"elementor-widget-container\">\n\t\t\t\t\t\t\t\t\t<p class=\"translation-block\">Contact our experts and <b>describe your project to us.<\/b><\/p><p>Our technicians will get in touch with you to propose the ideal solution, with a no-obligation quote in just 24 hours.<\/p>\t\t\t\t\t\t\t\t<\/div>\n\t\t\t\t<\/div>\n\t\t\t\t\t<\/div>\n\t\t<\/div>\n\t\t\t\t<div class=\"elementor-column elementor-col-50 elementor-top-column elementor-element elementor-element-a91ed04\" data-id=\"a91ed04\" data-element_type=\"column\" data-e-type=\"column\">\n\t\t\t<div class=\"elementor-widget-wrap elementor-element-populated\">\n\t\t\t\t\t\t<div class=\"elementor-element elementor-element-21b40cb elementor-widget elementor-widget-shortcode\" data-id=\"21b40cb\" data-element_type=\"widget\" data-e-type=\"widget\" data-widget_type=\"shortcode.default\">\n\t\t\t\t<div class=\"elementor-widget-container\">\n\t\t\t\t\t\t\t<div class=\"elementor-shortcode\">\n<div class=\"wpcf7 no-js\" id=\"wpcf7-f8598-o1\" lang=\"it-IT\" dir=\"ltr\" data-wpcf7-id=\"8598\">\n<div class=\"screen-reader-response\"><p role=\"status\" aria-live=\"polite\" aria-atomic=\"true\"><\/p> <ul><\/ul><\/div>\n<form action=\"\/en\/wp-json\/wp\/v2\/pages\/9043#wpcf7-f8598-o1\" method=\"post\" class=\"wpcf7-form init\" aria-label=\"Modulo di contatto\" novalidate=\"novalidate\" data-status=\"init\" data-trp-original-action=\"\/en\/wp-json\/wp\/v2\/pages\/9043#wpcf7-f8598-o1\">\n<fieldset class=\"hidden-fields-container\"><input type=\"hidden\" name=\"_wpcf7\" value=\"8598\" \/><input type=\"hidden\" name=\"_wpcf7_version\" value=\"6.1.5\" \/><input type=\"hidden\" name=\"_wpcf7_locale\" value=\"it_IT\" \/><input type=\"hidden\" name=\"_wpcf7_unit_tag\" value=\"wpcf7-f8598-o1\" \/><input type=\"hidden\" name=\"_wpcf7_container_post\" value=\"0\" \/><input type=\"hidden\" name=\"_wpcf7_posted_data_hash\" value=\"\" \/><input type=\"hidden\" name=\"_wpcf7_recaptcha_response\" value=\"\" \/>\n<\/fieldset>\n<p><span class=\"wpcf7-form-control-wrap\" data-name=\"your_name\"><input size=\"40\" maxlength=\"400\" class=\"wpcf7-form-control wpcf7-text wpcf7-validates-as-required\" aria-required=\"true\" aria-invalid=\"false\" placeholder=\"Nome e Cognome\" value=\"\" type=\"text\" name=\"your_name\" \/><\/span>\n<\/p>\n<p><span class=\"wpcf7-form-control-wrap\" data-name=\"your-email\"><input size=\"40\" maxlength=\"400\" class=\"wpcf7-form-control wpcf7-email wpcf7-validates-as-required wpcf7-text wpcf7-validates-as-email\" aria-required=\"true\" aria-invalid=\"false\" placeholder=\"e-mail\" value=\"\" type=\"email\" name=\"your-email\" \/><\/span>\n<\/p>\n<p><span class=\"wpcf7-form-control-wrap\" data-name=\"recapito_tel\"><input size=\"40\" maxlength=\"400\" class=\"wpcf7-form-control wpcf7-tel wpcf7-validates-as-required wpcf7-text wpcf7-validates-as-tel\" aria-required=\"true\" aria-invalid=\"false\" placeholder=\"Recapito Telefonico\" value=\"\" type=\"tel\" name=\"recapito_tel\" \/><\/span>\n<\/p>\n<p><span class=\"wpcf7-form-control-wrap\" data-name=\"Azienda\"><input size=\"40\" maxlength=\"400\" class=\"wpcf7-form-control wpcf7-text wpcf7-validates-as-required\" aria-required=\"true\" aria-invalid=\"false\" placeholder=\"Nome Azienda oppure &quot;Privato&quot;\" value=\"\" type=\"text\" name=\"Azienda\" \/><\/span>\n<\/p>\n<p><label> A cosa sei interessato?<br \/>\n<span class=\"wpcf7-form-control-wrap\" data-name=\"topic\"><select class=\"wpcf7-form-control wpcf7-select wpcf7-validates-as-required\" aria-required=\"true\" aria-invalid=\"false\" name=\"topic\"><option value=\"Informazioni Generali\">Informazioni Generali<\/option><option value=\"Servizio di Produzione in Stampa 3D\">Servizio di Produzione in Stampa 3D<\/option><option value=\"Servizio di Scansione 3D e Reverse Engineering\">Servizio di Scansione 3D e Reverse Engineering<\/option><option value=\"Servizio di Progettazione 3D\">Servizio di Progettazione 3D<\/option><option value=\"Consulenza Tecnica\">Consulenza Tecnica<\/option><option value=\"Altro\">Altro<\/option><\/select><\/span> <\/label>\n<\/p>\n<p><label> Il tuo Messaggio<br \/>\n<span class=\"wpcf7-form-control-wrap\" data-name=\"messaggio\"><textarea cols=\"40\" rows=\"10\" maxlength=\"2000\" class=\"wpcf7-form-control wpcf7-textarea\" aria-invalid=\"false\" placeholder=\"Type your message here...\" name=\"messaggio\"><\/textarea><\/span> <\/label>\n<\/p>\n<p><span class=\"wpcf7-form-control-wrap\" data-name=\"Privacy_Policy\"><span class=\"wpcf7-form-control wpcf7-acceptance\"><span class=\"wpcf7-list-item\"><label><input type=\"checkbox\" name=\"Privacy_Policy\" value=\"1\" aria-invalid=\"false\" \/><span class=\"wpcf7-list-item-label\">*Ho letto <a href=\"https:\/\/treddy.it\/en\/privacy-policy\/\"> l'informativa<\/a> e acconsento al trattamento dei miei dati (GDPR).<\/span><\/label><\/span><\/span><\/span>\n<\/p>\n<p><input class=\"wpcf7-form-control wpcf7-submit has-spinner\" type=\"submit\" value=\"Richiedi Maggiori Informazioni\" \/>\n<\/p><p style=\"display: none !important;\" class=\"akismet-fields-container\" data-prefix=\"_wpcf7_ak_\"><label>&#916;<textarea name=\"_wpcf7_ak_hp_textarea\" cols=\"45\" rows=\"8\" maxlength=\"100\"><\/textarea><\/label><input type=\"hidden\" id=\"ak_js_1\" name=\"_wpcf7_ak_js\" value=\"89\"\/><script>document.getElementById( \"ak_js_1\" ).setAttribute( \"value\", ( new Date() ).getTime() );<\/script><\/p><input type='hidden' class='wpcf7-pum' value='{\"closepopup\":false,\"closedelay\":0,\"openpopup\":false,\"openpopup_id\":0}' \/><div class=\"wpcf7-response-output\" aria-hidden=\"true\"><\/div>\n<input type=\"hidden\" name=\"trp-form-language\" value=\"en\"\/><\/form>\n<\/div>\n<\/div>\n\t\t\t\t\t\t<\/div>\n\t\t\t\t<\/div>\n\t\t\t\t\t<\/div>\n\t\t<\/div>\n\t\t\t\t\t<\/div>\n\t\t<\/section>\n\t\t\t\t<\/div>","protected":false},"excerpt":{"rendered":"<p>3D Talks Episodio 2 &#8211; Supermateria Supermateria \u00e8 un laboratorio di ricerca e sviluppo che unisce design, tecnologia e sperimentazione. Per noi rappresenta un partner d\u2019eccellenza nella ridefinizione dei confini della manifattura contemporanea, portando avanti una visione innovativa che coniuga creativit\u00e0 e materiali all\u2019avanguardia. La sfida Il loro obiettivo \u00e8 creare soluzioni su misura, performanti [&hellip;]<\/p>\n","protected":false},"author":1,"featured_media":0,"parent":0,"menu_order":0,"comment_status":"closed","ping_status":"closed","template":"","meta":{"footnotes":""},"class_list":["post-9043","page","type-page","status-publish","hentry"],"aioseo_notices":[],"_links":{"self":[{"href":"https:\/\/treddy.it\/en\/wp-json\/wp\/v2\/pages\/9043","targetHints":{"allow":["GET"]}}],"collection":[{"href":"https:\/\/treddy.it\/en\/wp-json\/wp\/v2\/pages"}],"about":[{"href":"https:\/\/treddy.it\/en\/wp-json\/wp\/v2\/types\/page"}],"author":[{"embeddable":true,"href":"https:\/\/treddy.it\/en\/wp-json\/wp\/v2\/users\/1"}],"replies":[{"embeddable":true,"href":"https:\/\/treddy.it\/en\/wp-json\/wp\/v2\/comments?post=9043"}],"version-history":[{"count":23,"href":"https:\/\/treddy.it\/en\/wp-json\/wp\/v2\/pages\/9043\/revisions"}],"predecessor-version":[{"id":9694,"href":"https:\/\/treddy.it\/en\/wp-json\/wp\/v2\/pages\/9043\/revisions\/9694"}],"wp:attachment":[{"href":"https:\/\/treddy.it\/en\/wp-json\/wp\/v2\/media?parent=9043"}],"curies":[{"name":"wp","href":"https:\/\/api.w.org\/{rel}","templated":true}]}}